{"id":15,"date":"2017-12-19T12:18:10","date_gmt":"2017-12-19T11:18:10","guid":{"rendered":"http:\/\/tourniayre.local:8888\/?page_id=15"},"modified":"2017-12-23T17:46:07","modified_gmt":"2017-12-23T16:46:07","slug":"societe","status":"publish","type":"page","link":"https:\/\/www.tourniayre.com\/fr\/societe\/","title":{"rendered":"Soci\u00e9t\u00e9"},"content":{"rendered":"<p>HISTORIQUE<\/p>\n<p>1897 : cr\u00e9ation \u00e0 Marseille de la Gaufretterie TOURNIAYRE<\/p>\n<p>1990 : d\u00e9localisation en r\u00e9gion Hauts-de-France<\/p>\n<p>2010 : cr\u00e9ation d\u2019une nouvelle unit\u00e9 de production bas\u00e9e \u00e0 Roye dans le nord de la France<\/p>\n<p>2012 : lancement de la Gamme SANS GLUTEN<\/p>\n<p>2016 : lancement de la Gamme BIO et obtention de la certification VEGAN<\/p>\n<p>Journal<\/p>\n<p>NOS VALEURS<br \/>\nLa qualit\u00e9 du produit fini et le service apport\u00e9 au client<br \/>\nsont les deux axes moteur de TOURNIAYRE<\/p>\n<p>Machine<\/p>\n<p>Dot\u00e9s de lignes de producion derni\u00e8re g\u00e9n\u00e9ration, nous proposons des cornets et biscuits pour la glace dont les \u00e9tapes de fabrication et de conditionnement sont rigoureusement contr\u00f4l\u00e9es. Notre process automatis\u00e9 garantit la justesse de chaque \u00e9tape.<\/p>\n<p>Nos m\u00e9thodes de fabrication<\/p>\n<p>Test laboratoire<\/p>\n<p>&#8211; Des mati\u00e8res premi\u00e8res de qualit\u00e9 s\u00e9lectionn\u00e9es aupr\u00e8s de fournisseurs r\u00e9f\u00e9renc\u00e9s pour leur proximit\u00e9, leur savoir-faire et leur renomm\u00e9e,<br \/>\n&#8211; des recettes \u00e9labor\u00e9es \u00e0 partir d\u2019ingr\u00e9dients exempts d\u2019OGM,<br \/>\n&#8211; l\u2019utilisation exclusive d\u2019ar\u00f4mes naturels,<br \/>\n&#8211; l\u2019engagement de toutes les \u00e9quipes de TOURNIAYRE pour vous servir le meilleur !<br \/>\nCarton<\/p>\n<p>Notre atout suppl\u00e9mentaire : un conditionnement sp\u00e9cifique.<\/p>\n<p>Nos cornets sont conditionn\u00e9s dans des barquettes film\u00e9es garantissant meilleure stabilit\u00e9 durant le transport.<\/p>\n<p>CERTIFICATIONS<br \/>\nDans le but de r\u00e9pondre aux demandes et sp\u00e9cificit\u00e9s de ses clients,<br \/>\nTOURNIAYRE a \u00e9largi, au cours de ces derni\u00e8res ann\u00e9es, sa palette de produits et propose aujourd\u2019hui<br \/>\ntrois gammes diff\u00e9rentes (toutes VEGAN) de cornets et biscuits pour la glace :<\/p>\n<p>GAMME<br \/>\nCONVENTIONNELLE<br \/>\nVegan<\/p>\n<p>GAMME<br \/>\nBIO<br \/>\nBio<\/p>\n<p>GAMME<br \/>\nSANS GLUTEN<\/p>\n","protected":false},"excerpt":{"rendered":"<p>HISTORIQUE 1897 : cr\u00e9ation \u00e0 Marseille de la Gaufretterie TOURNIAYRE 1990 : d\u00e9localisation en r\u00e9gion Hauts-de-France 2010 : cr\u00e9ation d\u2019une nouvelle unit\u00e9 de production bas\u00e9e \u00e0 Roye dans le nord de la France 2012 : lancement de la Gamme SANS GLUTEN 2016 : lancement de la Gamme BIO et obtention de la certification VEGAN Journal [&hellip;]<\/p>\n","protected":false},"author":1,"featured_media":0,"parent":0,"menu_order":0,"comment_status":"closed","ping_status":"closed","template":"","meta":{"_acf_changed":false,"footnotes":""},"class_list":["post-15","page","type-page","status-publish","hentry"],"acf":[],"yoast_head":"<!-- This site is optimized with the Yoast SEO plugin v27.5 - https:\/\/yoast.com\/product\/yoast-seo-wordpress\/ -->\n<title>Soci\u00e9t\u00e9 - Biscuiterie Tourniayre<\/title>\n<meta name=\"robots\" content=\"index, follow, max-snippet:-1, max-image-preview:large, max-video-preview:-1\" \/>\n<link rel=\"canonical\" href=\"https:\/\/www.tourniayre.com\/fr\/societe\/\" \/>\n<meta property=\"og:locale\" content=\"fr_FR\" \/>\n<meta property=\"og:type\" content=\"article\" \/>\n<meta property=\"og:title\" content=\"Soci\u00e9t\u00e9 - Biscuiterie Tourniayre\" \/>\n<meta property=\"og:description\" content=\"HISTORIQUE 1897 : cr\u00e9ation \u00e0 Marseille de la Gaufretterie TOURNIAYRE 1990 : d\u00e9localisation en r\u00e9gion Hauts-de-France 2010 : cr\u00e9ation d\u2019une nouvelle unit\u00e9 de production bas\u00e9e \u00e0 Roye dans le nord de la France 2012 : lancement de la Gamme SANS GLUTEN 2016 : lancement de la Gamme BIO et obtention de la certification VEGAN Journal [&hellip;]\" \/>\n<meta property=\"og:url\" content=\"https:\/\/www.tourniayre.com\/fr\/societe\/\" \/>\n<meta property=\"og:site_name\" content=\"Biscuiterie Tourniayre\" \/>\n<meta property=\"article:modified_time\" content=\"2017-12-23T16:46:07+00:00\" \/>\n<meta name=\"twitter:card\" content=\"summary_large_image\" \/>\n<meta name=\"twitter:label1\" content=\"Dur\u00e9e de lecture estim\u00e9e\" \/>\n\t<meta name=\"twitter:data1\" content=\"1 minute\" \/>\n<script type=\"application\/ld+json\" class=\"yoast-schema-graph\">{\"@context\":\"https:\\\/\\\/schema.org\",\"@graph\":[{\"@type\":\"WebPage\",\"@id\":\"https:\\\/\\\/www.tourniayre.com\\\/fr\\\/societe\\\/\",\"url\":\"https:\\\/\\\/www.tourniayre.com\\\/fr\\\/societe\\\/\",\"name\":\"Soci\u00e9t\u00e9 - Biscuiterie Tourniayre\",\"isPartOf\":{\"@id\":\"https:\\\/\\\/www.tourniayre.com\\\/fr\\\/#website\"},\"datePublished\":\"2017-12-19T11:18:10+00:00\",\"dateModified\":\"2017-12-23T16:46:07+00:00\",\"breadcrumb\":{\"@id\":\"https:\\\/\\\/www.tourniayre.com\\\/fr\\\/societe\\\/#breadcrumb\"},\"inLanguage\":\"fr-FR\",\"potentialAction\":[{\"@type\":\"ReadAction\",\"target\":[\"https:\\\/\\\/www.tourniayre.com\\\/fr\\\/societe\\\/\"]}]},{\"@type\":\"BreadcrumbList\",\"@id\":\"https:\\\/\\\/www.tourniayre.com\\\/fr\\\/societe\\\/#breadcrumb\",\"itemListElement\":[{\"@type\":\"ListItem\",\"position\":1,\"name\":\"Home\",\"item\":\"https:\\\/\\\/www.tourniayre.com\\\/fr\\\/\"},{\"@type\":\"ListItem\",\"position\":2,\"name\":\"Soci\u00e9t\u00e9\"}]},{\"@type\":\"WebSite\",\"@id\":\"https:\\\/\\\/www.tourniayre.com\\\/fr\\\/#website\",\"url\":\"https:\\\/\\\/www.tourniayre.com\\\/fr\\\/\",\"name\":\"Biscuiterie Tourniayre\",\"description\":\"Les authentiques c\u00f4nes et biscuits fabriqu\u00e9s par Tourniayre\",\"publisher\":{\"@id\":\"https:\\\/\\\/www.tourniayre.com\\\/fr\\\/#organization\"},\"potentialAction\":[{\"@type\":\"SearchAction\",\"target\":{\"@type\":\"EntryPoint\",\"urlTemplate\":\"https:\\\/\\\/www.tourniayre.com\\\/fr\\\/?s={search_term_string}\"},\"query-input\":{\"@type\":\"PropertyValueSpecification\",\"valueRequired\":true,\"valueName\":\"search_term_string\"}}],\"inLanguage\":\"fr-FR\"},{\"@type\":\"Organization\",\"@id\":\"https:\\\/\\\/www.tourniayre.com\\\/fr\\\/#organization\",\"name\":\"Biscuiterie Tourniayre\",\"url\":\"https:\\\/\\\/www.tourniayre.com\\\/fr\\\/\",\"logo\":{\"@type\":\"ImageObject\",\"inLanguage\":\"fr-FR\",\"@id\":\"https:\\\/\\\/www.tourniayre.com\\\/fr\\\/#\\\/schema\\\/logo\\\/image\\\/\",\"url\":\"\\\/161\\\/uploads\\\/2026\\\/03\\\/cropped-LOGO-TOURNIAYRE-1897-CLOUD.png\",\"contentUrl\":\"\\\/161\\\/uploads\\\/2026\\\/03\\\/cropped-LOGO-TOURNIAYRE-1897-CLOUD.png\",\"width\":2155,\"height\":1220,\"caption\":\"Biscuiterie Tourniayre\"},\"image\":{\"@id\":\"https:\\\/\\\/www.tourniayre.com\\\/fr\\\/#\\\/schema\\\/logo\\\/image\\\/\"}}]}<\/script>\n<!-- \/ Yoast SEO plugin. -->","yoast_head_json":{"title":"Soci\u00e9t\u00e9 - Biscuiterie Tourniayre","robots":{"index":"index","follow":"follow","max-snippet":"max-snippet:-1","max-image-preview":"max-image-preview:large","max-video-preview":"max-video-preview:-1"},"canonical":"https:\/\/www.tourniayre.com\/fr\/societe\/","og_locale":"fr_FR","og_type":"article","og_title":"Soci\u00e9t\u00e9 - Biscuiterie Tourniayre","og_description":"HISTORIQUE 1897 : cr\u00e9ation \u00e0 Marseille de la Gaufretterie TOURNIAYRE 1990 : d\u00e9localisation en r\u00e9gion Hauts-de-France 2010 : cr\u00e9ation d\u2019une nouvelle unit\u00e9 de production bas\u00e9e \u00e0 Roye dans le nord de la France 2012 : lancement de la Gamme SANS GLUTEN 2016 : lancement de la Gamme BIO et obtention de la certification VEGAN Journal [&hellip;]","og_url":"https:\/\/www.tourniayre.com\/fr\/societe\/","og_site_name":"Biscuiterie Tourniayre","article_modified_time":"2017-12-23T16:46:07+00:00","twitter_card":"summary_large_image","twitter_misc":{"Dur\u00e9e de lecture estim\u00e9e":"1 minute"},"schema":{"@context":"https:\/\/schema.org","@graph":[{"@type":"WebPage","@id":"https:\/\/www.tourniayre.com\/fr\/societe\/","url":"https:\/\/www.tourniayre.com\/fr\/societe\/","name":"Soci\u00e9t\u00e9 - Biscuiterie Tourniayre","isPartOf":{"@id":"https:\/\/www.tourniayre.com\/fr\/#website"},"datePublished":"2017-12-19T11:18:10+00:00","dateModified":"2017-12-23T16:46:07+00:00","breadcrumb":{"@id":"https:\/\/www.tourniayre.com\/fr\/societe\/#breadcrumb"},"inLanguage":"fr-FR","potentialAction":[{"@type":"ReadAction","target":["https:\/\/www.tourniayre.com\/fr\/societe\/"]}]},{"@type":"BreadcrumbList","@id":"https:\/\/www.tourniayre.com\/fr\/societe\/#breadcrumb","itemListElement":[{"@type":"ListItem","position":1,"name":"Home","item":"https:\/\/www.tourniayre.com\/fr\/"},{"@type":"ListItem","position":2,"name":"Soci\u00e9t\u00e9"}]},{"@type":"WebSite","@id":"https:\/\/www.tourniayre.com\/fr\/#website","url":"https:\/\/www.tourniayre.com\/fr\/","name":"Biscuiterie Tourniayre","description":"Les authentiques c\u00f4nes et biscuits fabriqu\u00e9s par Tourniayre","publisher":{"@id":"https:\/\/www.tourniayre.com\/fr\/#organization"},"potentialAction":[{"@type":"SearchAction","target":{"@type":"EntryPoint","urlTemplate":"https:\/\/www.tourniayre.com\/fr\/?s={search_term_string}"},"query-input":{"@type":"PropertyValueSpecification","valueRequired":true,"valueName":"search_term_string"}}],"inLanguage":"fr-FR"},{"@type":"Organization","@id":"https:\/\/www.tourniayre.com\/fr\/#organization","name":"Biscuiterie Tourniayre","url":"https:\/\/www.tourniayre.com\/fr\/","logo":{"@type":"ImageObject","inLanguage":"fr-FR","@id":"https:\/\/www.tourniayre.com\/fr\/#\/schema\/logo\/image\/","url":"\/161\/uploads\/2026\/03\/cropped-LOGO-TOURNIAYRE-1897-CLOUD.png","contentUrl":"\/161\/uploads\/2026\/03\/cropped-LOGO-TOURNIAYRE-1897-CLOUD.png","width":2155,"height":1220,"caption":"Biscuiterie Tourniayre"},"image":{"@id":"https:\/\/www.tourniayre.com\/fr\/#\/schema\/logo\/image\/"}}]}},"_links":{"self":[{"href":"https:\/\/www.tourniayre.com\/fr\/wp-json\/wp\/v2\/pages\/15","targetHints":{"allow":["GET"]}}],"collection":[{"href":"https:\/\/www.tourniayre.com\/fr\/wp-json\/wp\/v2\/pages"}],"about":[{"href":"https:\/\/www.tourniayre.com\/fr\/wp-json\/wp\/v2\/types\/page"}],"author":[{"embeddable":true,"href":"https:\/\/www.tourniayre.com\/fr\/wp-json\/wp\/v2\/users\/1"}],"replies":[{"embeddable":true,"href":"https:\/\/www.tourniayre.com\/fr\/wp-json\/wp\/v2\/comments?post=15"}],"version-history":[{"count":0,"href":"https:\/\/www.tourniayre.com\/fr\/wp-json\/wp\/v2\/pages\/15\/revisions"}],"wp:attachment":[{"href":"https:\/\/www.tourniayre.com\/fr\/wp-json\/wp\/v2\/media?parent=15"}],"curies":[{"name":"wp","href":"https:\/\/api.w.org\/{rel}","templated":true}]}}